{"id":852,"date":"2023-03-23T01:24:09","date_gmt":"2023-03-23T01:24:09","guid":{"rendered":"https:\/\/tuscanyhs.com\/?page_id=852"},"modified":"2023-04-12T14:27:21","modified_gmt":"2023-04-12T14:27:21","slug":"aviso-legal","status":"publish","type":"page","link":"https:\/\/tuscanyhs.com\/index.php\/aviso-legal\/","title":{"rendered":"Aviso legal"},"content":{"rendered":"\t\t<div data-elementor-type=\"wp-page\" data-elementor-id=\"852\" class=\"elementor elementor-852\">\n\t\t\t\t\t\t\t\t\t<section class=\"elementor-section elementor-top-section elementor-element elementor-element-d80ab19 elementor-section-full_width elementor-section-height-default elementor-section-height-default\" data-id=\"d80ab19\" data-element_type=\"section\" data-settings=\"{&quot;background_background&quot;:&quot;classic&quot;}\">\n\t\t\t\t\t\t<div class=\"elementor-container elementor-column-gap-default\">\n\t\t\t\t\t<div class=\"elementor-column elementor-col-100 elementor-top-column elementor-element elementor-element-c71503d\" data-id=\"c71503d\" data-element_type=\"column\">\n\t\t\t<div class=\"elementor-widget-wrap elementor-element-populated\">\n\t\t\t\t\t\t\t\t<div class=\"elementor-element elementor-element-f5d5fda elementor-widget elementor-widget-heading\" data-id=\"f5d5fda\" data-element_type=\"widget\" data-widget_type=\"heading.default\">\n\t\t\t\t<div class=\"elementor-widget-container\">\n\t\t\t<style>\/*! elementor - v3.11.4 - 12-03-2023 *\/\n.elementor-heading-title{padding:0;margin:0;line-height:1}.elementor-widget-heading .elementor-heading-title[class*=elementor-size-]>a{color:inherit;font-size:inherit;line-height:inherit}.elementor-widget-heading .elementor-heading-title.elementor-size-small{font-size:15px}.elementor-widget-heading .elementor-heading-title.elementor-size-medium{font-size:19px}.elementor-widget-heading .elementor-heading-title.elementor-size-large{font-size:29px}.elementor-widget-heading .elementor-heading-title.elementor-size-xl{font-size:39px}.elementor-widget-heading .elementor-heading-title.elementor-size-xxl{font-size:59px}<\/style><h1 class=\"elementor-heading-title elementor-size-default\">Aviso legal<\/h1>\t\t<\/div>\n\t\t\t\t<\/div>\n\t\t\t\t\t<\/div>\n\t\t<\/div>\n\t\t\t\t\t\t\t<\/div>\n\t\t<\/section>\n\t\t\t\t<section class=\"elementor-section elementor-top-section elementor-element elementor-element-f287399 elementor-section-boxed elementor-section-height-default elementor-section-height-default\" data-id=\"f287399\" data-element_type=\"section\">\n\t\t\t\t\t\t<div class=\"elementor-container elementor-column-gap-default\">\n\t\t\t\t\t<div class=\"elementor-column elementor-col-100 elementor-top-column elementor-element elementor-element-81ba9b2\" data-id=\"81ba9b2\" data-element_type=\"column\">\n\t\t\t<div class=\"elementor-widget-wrap elementor-element-populated\">\n\t\t\t\t\t\t\t\t<div class=\"elementor-element elementor-element-b458943 elementor-widget elementor-widget-text-editor\" data-id=\"b458943\" data-element_type=\"widget\" data-widget_type=\"text-editor.default\">\n\t\t\t\t<div class=\"elementor-widget-container\">\n\t\t\t<style>\/*! elementor - v3.11.4 - 12-03-2023 *\/\n.elementor-widget-text-editor.elementor-drop-cap-view-stacked .elementor-drop-cap{background-color:#818a91;color:#fff}.elementor-widget-text-editor.elementor-drop-cap-view-framed .elementor-drop-cap{color:#818a91;border:3px solid;background-color:transparent}.elementor-widget-text-editor:not(.elementor-drop-cap-view-default) .elementor-drop-cap{margin-top:8px}.elementor-widget-text-editor:not(.elementor-drop-cap-view-default) .elementor-drop-cap-letter{width:1em;height:1em}.elementor-widget-text-editor .elementor-drop-cap{float:left;text-align:center;line-height:1;font-size:50px}.elementor-widget-text-editor .elementor-drop-cap-letter{display:inline-block}<\/style>\t\t\t\t<p class=\"p1\"><b>Esta Pol\u00edtica de privacidad revela las pr\u00e1cticas de privacidad en l\u00ednea de TUSCANY HILL SERVICES CORP<\/b><\/p><p class=\"p2\">(TUSCANY HILL SERVICES CORP &#8220;Nosotros&#8221; o &#8220;Nos&#8221;) y se aplica a la informaci\u00f3n que recopila a trav\u00e9s de www.tuscanyhs.com (el &#8220;Sitio&#8221;). Al acceder y\/o utilizar el Sitio, manifiesta su consentimiento para la recopilaci\u00f3n, el almacenamiento y la divulgaci\u00f3n de datos tal como se describe en esta Pol\u00edtica de privacidad.<\/p><p class=\"p2\">En cualquier momento, podemos modificar esta Pol\u00edtica de privacidad. Si y cuando modificamos esta Pol\u00edtica de privacidad, cambiaremos la fecha que figura en la parte superior de esta Pol\u00edtica de privacidad. Los cambios en esta Pol\u00edtica de privacidad se considerar\u00e1n efectivos una vez publicados. Su uso continuado del Sitio significa su aceptaci\u00f3n de cualquier cambio en los t\u00e9rminos de esta Pol\u00edtica de Privacidad.<\/p><p class=\"p1\"><b>Informaci\u00f3n recopilada y c\u00f3mo se utiliza<\/b><\/p><p class=\"p1\">1. <b>Informaci\u00f3n que nos proporciona directamente<\/b><\/p><p class=\"p2\">No est\u00e1 obligado a proporcionar informaci\u00f3n sobre usted cuando visita el Sitio. Como se indica en nuestra pol\u00edtica de env\u00edos, no solicitamos solicitudes de informaci\u00f3n o financiamiento a trav\u00e9s de nuestro Sitio. Sin embargo, si nos env\u00eda informaci\u00f3n, incluida cualquier informaci\u00f3n personal (como nombre, direcci\u00f3n y direcci\u00f3n de correo electr\u00f3nico), dicha informaci\u00f3n estar\u00e1 sujeta a nuestra pol\u00edtica de env\u00edos. Como se describe en nuestra pol\u00edtica de env\u00edos, no aceptamos ni recopilamos Env\u00edos de forma confidencial o patentada y, por lo tanto, conservamos el derecho de usar y divulgar libremente cualquier Env\u00edo sin restricciones. En particular, y sin limitar lo anterior, podemos divulgar sus Env\u00edos a (i) nuestros afiliados, representantes, consultores, inversores y otros terceros y (ii) cualquier parte en el caso de que creamos, a nuestro exclusivo criterio, que tal la divulgaci\u00f3n es requerida por ley o que dicha divulgaci\u00f3n es necesaria para proteger y defender los derechos o la propiedad de JMH o de otros o la seguridad personal del p\u00fablico o de los usuarios del Sitio.<\/p><p class=\"p1\">2. <b>Informaci\u00f3n que recopilamos autom\u00e1ticamente<\/b><\/p><p class=\"p2\">Podemos recopilar cierta informaci\u00f3n autom\u00e1ticamente mediante el uso de &#8220;cookies&#8221;, balizas web y otras tecnolog\u00edas que usamos en relaci\u00f3n con la administraci\u00f3n del Sitio, que incluyen, entre otros:<\/p><p class=\"p1\">Su tipo de navegador y sistema operativo<\/p><p class=\"p1\">Su direcci\u00f3n de Protocolo de Internet (IP);<\/p><p class=\"p1\">Sitios que visit\u00f3 antes o despu\u00e9s de visitar el Sitio;<\/p><p class=\"p1\">Las p\u00e1ginas web que ve y los enlaces en los que hace clic dentro del Sitio;<\/p><p class=\"p1\">Las p\u00e1ginas web que visita al hacer clic en enlaces dentro de un mensaje de correo electr\u00f3nico que le enviamos; y<\/p><p class=\"p1\">Informaci\u00f3n de registro del servidor est\u00e1ndar.<\/p><p class=\"p1\">Recopilamos dicha informaci\u00f3n para mejorar el contenido y la funcionalidad de nuestro Sitio. No recopilaremos ninguna informaci\u00f3n de contacto personal de usted (como su nombre, direcci\u00f3n de correo electr\u00f3nico, direcci\u00f3n postal o n\u00famero de tel\u00e9fono) a menos que nos la proporcione directamente.<\/p><p class=\"p1\"><b>Cookies <\/b><\/p><p class=\"p2\">El Sitio utiliza &#8220;cookies&#8221; por sesi\u00f3n (piezas de datos que su navegador almacena en la memoria de su computadora a pedido de TUSCANY HILL SERVICES CORP) para establecer sesiones de usuario en nuestro servidor. Podemos usar cookies para llevar informaci\u00f3n sobre su uso del Sitio mientras navega por el Sitio y para ayudarnos a reconocerlo como un visitante anterior. No utilizamos cookies para recuperar informaci\u00f3n personal sobre usted desde su computadora.<\/p><p class=\"p2\">Tiene la opci\u00f3n de configurar su navegador para aceptar o rechazar todas las cookies o para que le notifique cuando se establece una cookie (dado que cada navegador es diferente, consulte el men\u00fa &#8220;Ayuda&#8221; de su navegador para saber c\u00f3mo modificar sus preferencias de cookies ). Tenga en cuenta que si bloquea las cookies, es posible que no pueda ver o acceder a ciertas \u00e1reas del Sitio.<\/p><p class=\"p1\"><b>Su direcci\u00f3n IP<\/b><\/p><p class=\"p2\">Una direcci\u00f3n IP es un n\u00famero que se asigna autom\u00e1ticamente a su computadora cada vez que navega por Internet. Cuando solicita una p\u00e1gina del Sitio, nuestros servidores registran la direcci\u00f3n IP actual de su computadora. Las direcciones IP nos ayudan a diagnosticar problemas con nuestros servidores y la administraci\u00f3n del sitio.<\/p><p class=\"p1\"><b>Visitar desde fuera de los Estados Unidos<\/b><\/p><p class=\"p2\">Tenga en cuenta que la informaci\u00f3n que nos proporciona o que obtenemos como resultado de su uso del Sitio puede procesarse y transferirse a los Estados Unidos y estar sujeta a las leyes de los Estados Unidos. Las leyes de privacidad y protecci\u00f3n de datos en los Estados Unidos pueden no ser equivalentes a dichas leyes en su pa\u00eds de residencia. Al usar el Sitio o proporcionarnos su informaci\u00f3n, usted acepta la recopilaci\u00f3n, transferencia, almacenamiento y procesamiento de informaci\u00f3n hacia y en los Estados Unidos.<\/p><p class=\"p1\"><b>T\u00e9rminos generales de uso<\/b><\/p><p class=\"p2\">Esta Pol\u00edtica de privacidad tambi\u00e9n est\u00e1 sujeta a nuestros T\u00e9rminos de uso generales, que se incorporan en su totalidad a esta Pol\u00edtica de privacidad mediante esta referencia a ellos.<\/p><p class=\"p1\">\u00a0<\/p>\t\t\t\t\t\t<\/div>\n\t\t\t\t<\/div>\n\t\t\t\t\t<\/div>\n\t\t<\/div>\n\t\t\t\t\t\t\t<\/div>\n\t\t<\/section>\n\t\t\t\t<section class=\"elementor-section elementor-top-section elementor-element elementor-element-08f485e elementor-section-boxed elementor-section-height-default elementor-section-height-default\" data-id=\"08f485e\" data-element_type=\"section\" data-settings=\"{&quot;background_background&quot;:&quot;classic&quot;}\">\n\t\t\t\t\t\t<div class=\"elementor-container elementor-column-gap-default\">\n\t\t\t\t\t<div class=\"elementor-column elementor-col-100 elementor-top-column elementor-element elementor-element-431d4a7\" data-id=\"431d4a7\" data-element_type=\"column\">\n\t\t\t<div class=\"elementor-widget-wrap elementor-element-populated\">\n\t\t\t\t\t\t\t\t<div class=\"elementor-element elementor-element-4bfe8ba elementor-widget elementor-widget-text-editor\" data-id=\"4bfe8ba\" data-element_type=\"widget\" data-widget_type=\"text-editor.default\">\n\t\t\t\t<div class=\"elementor-widget-container\">\n\t\t\t\t\t\t\t<p><\/p>\n<p style=\"text-align: center;\"><strong><span style=\"color: #000000;\"><br><\/span><\/strong><\/p><p style=\"text-align: center;\"><strong><span style=\"color: #000000;\">\u201cNuestra gesti\u00f3n de negocios se resume en una sola palabra: excelencia\u201d<\/span><\/strong><\/p>\n<p style=\"text-align: center;\"><strong><span style=\"color: #000000;\">TUSCANY HILL SERVICE CORP<\/span><\/strong><\/p><p style=\"text-align: center;\"><strong><span style=\"color: #000000;\"><br><\/span><\/strong><\/p>\n<p><\/p>\t\t\t\t\t\t<\/div>\n\t\t\t\t<\/div>\n\t\t\t\t\t<\/div>\n\t\t<\/div>\n\t\t\t\t\t\t\t<\/div>\n\t\t<\/section>\n\t\t\t\t\t\t\t<\/div>\n\t\t","protected":false},"excerpt":{"rendered":"<p>Aviso legal Esta Pol\u00edtica de privacidad revela las pr\u00e1cticas de privacidad en l\u00ednea de TUSCANY HILL SERVICES CORP (TUSCANY HILL SERVICES CORP &#8220;Nosotros&#8221; o &#8220;Nos&#8221;) y se aplica a la informaci\u00f3n que recopila a trav\u00e9s de www.tuscanyhs.com (el &#8220;Sitio&#8221;). Al<\/p>\n","protected":false},"author":1,"featured_media":0,"parent":0,"menu_order":0,"comment_status":"closed","ping_status":"closed","template":"","meta":[],"_links":{"self":[{"href":"https:\/\/tuscanyhs.com\/index.php\/wp-json\/wp\/v2\/pages\/852"}],"collection":[{"href":"https:\/\/tuscanyhs.com\/index.php\/wp-json\/wp\/v2\/pages"}],"about":[{"href":"https:\/\/tuscanyhs.com\/index.php\/wp-json\/wp\/v2\/types\/page"}],"author":[{"embeddable":true,"href":"https:\/\/tuscanyhs.com\/index.php\/wp-json\/wp\/v2\/users\/1"}],"replies":[{"embeddable":true,"href":"https:\/\/tuscanyhs.com\/index.php\/wp-json\/wp\/v2\/comments?post=852"}],"version-history":[{"count":33,"href":"https:\/\/tuscanyhs.com\/index.php\/wp-json\/wp\/v2\/pages\/852\/revisions"}],"predecessor-version":[{"id":1070,"href":"https:\/\/tuscanyhs.com\/index.php\/wp-json\/wp\/v2\/pages\/852\/revisions\/1070"}],"wp:attachment":[{"href":"https:\/\/tuscanyhs.com\/index.php\/wp-json\/wp\/v2\/media?parent=852"}],"curies":[{"name":"wp","href":"https:\/\/api.w.org\/{rel}","templated":true}]}}