{"id":809,"date":"2023-03-23T00:16:20","date_gmt":"2023-03-23T00:16:20","guid":{"rendered":"https:\/\/tuscanyhs.com\/?page_id=809"},"modified":"2023-04-12T14:26:55","modified_gmt":"2023-04-12T14:26:55","slug":"commodities","status":"publish","type":"page","link":"https:\/\/tuscanyhs.com\/index.php\/commodities\/","title":{"rendered":"Commodities"},"content":{"rendered":"\t\t<div data-elementor-type=\"wp-page\" data-elementor-id=\"809\" class=\"elementor elementor-809\">\n\t\t\t\t\t\t\t\t\t<section class=\"elementor-section elementor-top-section elementor-element elementor-element-d80ab19 elementor-section-full_width elementor-section-height-default elementor-section-height-default\" data-id=\"d80ab19\" data-element_type=\"section\" data-settings=\"{&quot;background_background&quot;:&quot;classic&quot;}\">\n\t\t\t\t\t\t<div class=\"elementor-container elementor-column-gap-default\">\n\t\t\t\t\t<div class=\"elementor-column elementor-col-100 elementor-top-column elementor-element elementor-element-c71503d\" data-id=\"c71503d\" data-element_type=\"column\">\n\t\t\t<div class=\"elementor-widget-wrap elementor-element-populated\">\n\t\t\t\t\t\t\t\t<div class=\"elementor-element elementor-element-f5d5fda elementor-widget elementor-widget-heading\" data-id=\"f5d5fda\" data-element_type=\"widget\" data-widget_type=\"heading.default\">\n\t\t\t\t<div class=\"elementor-widget-container\">\n\t\t\t<style>\/*! elementor - v3.11.4 - 12-03-2023 *\/\n.elementor-heading-title{padding:0;margin:0;line-height:1}.elementor-widget-heading .elementor-heading-title[class*=elementor-size-]>a{color:inherit;font-size:inherit;line-height:inherit}.elementor-widget-heading .elementor-heading-title.elementor-size-small{font-size:15px}.elementor-widget-heading .elementor-heading-title.elementor-size-medium{font-size:19px}.elementor-widget-heading .elementor-heading-title.elementor-size-large{font-size:29px}.elementor-widget-heading .elementor-heading-title.elementor-size-xl{font-size:39px}.elementor-widget-heading .elementor-heading-title.elementor-size-xxl{font-size:59px}<\/style><h1 class=\"elementor-heading-title elementor-size-default\">Commodities<\/h1>\t\t<\/div>\n\t\t\t\t<\/div>\n\t\t\t\t\t<\/div>\n\t\t<\/div>\n\t\t\t\t\t\t\t<\/div>\n\t\t<\/section>\n\t\t\t\t<section class=\"elementor-section elementor-top-section elementor-element elementor-element-e06c28e elementor-section-boxed elementor-section-height-default elementor-section-height-default\" data-id=\"e06c28e\" data-element_type=\"section\">\n\t\t\t\t\t\t<div class=\"elementor-container elementor-column-gap-default\">\n\t\t\t\t\t<div class=\"elementor-column elementor-col-100 elementor-top-column elementor-element elementor-element-0f0f831\" data-id=\"0f0f831\" data-element_type=\"column\">\n\t\t\t<div class=\"elementor-widget-wrap elementor-element-populated\">\n\t\t\t\t\t\t\t\t<div class=\"elementor-element elementor-element-adb0f19 elementor-widget elementor-widget-image\" data-id=\"adb0f19\" data-element_type=\"widget\" data-widget_type=\"image.default\">\n\t\t\t\t<div class=\"elementor-widget-container\">\n\t\t\t<style>\/*! elementor - v3.11.4 - 12-03-2023 *\/\n.elementor-widget-image{text-align:center}.elementor-widget-image a{display:inline-block}.elementor-widget-image a img[src$=\".svg\"]{width:48px}.elementor-widget-image img{vertical-align:middle;display:inline-block}<\/style>\t\t\t\t\t\t\t\t\t\t\t\t<img decoding=\"async\" width=\"1500\" height=\"800\" src=\"https:\/\/tuscanyhs.com\/wp-content\/uploads\/2023\/03\/jjjjj.jpg\" class=\"attachment-full size-full wp-image-999\" alt=\"commodities 1\" loading=\"lazy\" srcset=\"https:\/\/tuscanyhs.com\/wp-content\/uploads\/2023\/03\/jjjjj.jpg 1500w, https:\/\/tuscanyhs.com\/wp-content\/uploads\/2023\/03\/jjjjj-300x160.jpg 300w, https:\/\/tuscanyhs.com\/wp-content\/uploads\/2023\/03\/jjjjj-1024x546.jpg 1024w, https:\/\/tuscanyhs.com\/wp-content\/uploads\/2023\/03\/jjjjj-768x410.jpg 768w\" sizes=\"(max-width: 1500px) 100vw, 1500px\" \/>\t\t\t\t\t\t\t\t\t\t\t\t\t\t\t<\/div>\n\t\t\t\t<\/div>\n\t\t\t\t\t<\/div>\n\t\t<\/div>\n\t\t\t\t\t\t\t<\/div>\n\t\t<\/section>\n\t\t\t\t<section class=\"elementor-section elementor-top-section elementor-element elementor-element-79991b4 elementor-section-boxed elementor-section-height-default elementor-section-height-default\" data-id=\"79991b4\" data-element_type=\"section\">\n\t\t\t\t\t\t<div class=\"elementor-container elementor-column-gap-default\">\n\t\t\t\t\t<div class=\"elementor-column elementor-col-100 elementor-top-column elementor-element elementor-element-57e5f2e\" data-id=\"57e5f2e\" data-element_type=\"column\">\n\t\t\t<div class=\"elementor-widget-wrap elementor-element-populated\">\n\t\t\t\t\t\t\t\t<div class=\"elementor-element elementor-element-908d186 elementor-widget elementor-widget-text-editor\" data-id=\"908d186\" data-element_type=\"widget\" data-widget_type=\"text-editor.default\">\n\t\t\t\t<div class=\"elementor-widget-container\">\n\t\t\t<style>\/*! elementor - v3.11.4 - 12-03-2023 *\/\n.elementor-widget-text-editor.elementor-drop-cap-view-stacked .elementor-drop-cap{background-color:#818a91;color:#fff}.elementor-widget-text-editor.elementor-drop-cap-view-framed .elementor-drop-cap{color:#818a91;border:3px solid;background-color:transparent}.elementor-widget-text-editor:not(.elementor-drop-cap-view-default) .elementor-drop-cap{margin-top:8px}.elementor-widget-text-editor:not(.elementor-drop-cap-view-default) .elementor-drop-cap-letter{width:1em;height:1em}.elementor-widget-text-editor .elementor-drop-cap{float:left;text-align:center;line-height:1;font-size:50px}.elementor-widget-text-editor .elementor-drop-cap-letter{display:inline-block}<\/style>\t\t\t\t<p class=\"p1\">Nuestra actividad financiera tambi\u00e9n incluye la comercializaci\u00f3n de uno de los activos m\u00e1s negociables a nivel mundial.<\/p>\t\t\t\t\t\t<\/div>\n\t\t\t\t<\/div>\n\t\t\t\t\t<\/div>\n\t\t<\/div>\n\t\t\t\t\t\t\t<\/div>\n\t\t<\/section>\n\t\t\t\t<section class=\"elementor-section elementor-top-section elementor-element elementor-element-7b9ab87 elementor-section-boxed elementor-section-height-default elementor-section-height-default\" data-id=\"7b9ab87\" data-element_type=\"section\">\n\t\t\t\t\t\t<div class=\"elementor-container elementor-column-gap-default\">\n\t\t\t\t\t<div class=\"elementor-column elementor-col-50 elementor-top-column elementor-element elementor-element-acd17ce\" data-id=\"acd17ce\" data-element_type=\"column\">\n\t\t\t<div class=\"elementor-widget-wrap elementor-element-populated\">\n\t\t\t\t\t\t\t\t<div class=\"elementor-element elementor-element-0848bb3 elementor-widget elementor-widget-image\" data-id=\"0848bb3\" data-element_type=\"widget\" data-widget_type=\"image.default\">\n\t\t\t\t<div class=\"elementor-widget-container\">\n\t\t\t\t\t\t\t\t\t\t\t\t\t\t\t<img decoding=\"async\" width=\"750\" height=\"400\" src=\"https:\/\/tuscanyhs.com\/wp-content\/uploads\/2023\/03\/COMMODITIES-3-1024x546.jpg\" class=\"attachment-large size-large wp-image-988\" alt=\"COMMODITIES\" loading=\"lazy\" srcset=\"https:\/\/tuscanyhs.com\/wp-content\/uploads\/2023\/03\/COMMODITIES-3-1024x546.jpg 1024w, https:\/\/tuscanyhs.com\/wp-content\/uploads\/2023\/03\/COMMODITIES-3-300x160.jpg 300w, https:\/\/tuscanyhs.com\/wp-content\/uploads\/2023\/03\/COMMODITIES-3-768x410.jpg 768w, https:\/\/tuscanyhs.com\/wp-content\/uploads\/2023\/03\/COMMODITIES-3.jpg 1500w\" sizes=\"(max-width: 750px) 100vw, 750px\" \/>\t\t\t\t\t\t\t\t\t\t\t\t\t\t\t<\/div>\n\t\t\t\t<\/div>\n\t\t\t\t\t<\/div>\n\t\t<\/div>\n\t\t\t\t<div class=\"elementor-column elementor-col-50 elementor-top-column elementor-element elementor-element-b31d166\" data-id=\"b31d166\" data-element_type=\"column\">\n\t\t\t<div class=\"elementor-widget-wrap elementor-element-populated\">\n\t\t\t\t\t\t\t\t<div class=\"elementor-element elementor-element-8e0b63e elementor-widget elementor-widget-text-editor\" data-id=\"8e0b63e\" data-element_type=\"widget\" data-widget_type=\"text-editor.default\">\n\t\t\t\t<div class=\"elementor-widget-container\">\n\t\t\t\t\t\t\t<ul class=\"ul1\"><li class=\"li1\"><b>De energ\u00eda:<\/b> petr\u00f3leo y sus derivados, gas natural, carb\u00f3n.<\/li><li class=\"li1\"><b>De agricultura: <\/b>ma\u00edz, trigo, caf\u00e9, soja, az\u00facar y otros.<\/li><li class=\"li1\"><b>De metales: <\/b>hierro, oro, metales industriales.<\/li><li class=\"li1\"><b>De ganader\u00eda: <\/b>carnes, leche y derivados.<\/li><li class=\"li1\"><b>De finanzas: <\/b>bonos p\u00fablicos y privados.<\/li><\/ul><p class=\"p1\">Nuestro conocimiento de los mercados internacionales, capacidades de ejecuci\u00f3n y asociaciones exclusivas nos permiten ofrecerles una ventaja competitiva a la hora de solicitar nuestros servicios.<\/p><div>\u00a0<\/div>\t\t\t\t\t\t<\/div>\n\t\t\t\t<\/div>\n\t\t\t\t\t<\/div>\n\t\t<\/div>\n\t\t\t\t\t\t\t<\/div>\n\t\t<\/section>\n\t\t\t\t<section class=\"elementor-section elementor-top-section elementor-element elementor-element-9574ae9 elementor-section-boxed elementor-section-height-default elementor-section-height-default\" data-id=\"9574ae9\" data-element_type=\"section\" data-settings=\"{&quot;background_background&quot;:&quot;classic&quot;}\">\n\t\t\t\t\t\t<div class=\"elementor-container elementor-column-gap-default\">\n\t\t\t\t\t<div class=\"elementor-column elementor-col-100 elementor-top-column elementor-element elementor-element-e5e76d2\" data-id=\"e5e76d2\" data-element_type=\"column\">\n\t\t\t<div class=\"elementor-widget-wrap elementor-element-populated\">\n\t\t\t\t\t\t\t\t<div class=\"elementor-element elementor-element-6deedd9 elementor-widget elementor-widget-text-editor\" data-id=\"6deedd9\" data-element_type=\"widget\" data-widget_type=\"text-editor.default\">\n\t\t\t\t<div class=\"elementor-widget-container\">\n\t\t\t\t\t\t\t<p style=\"text-align: center;\"><strong><br><\/strong><\/p><p style=\"text-align: center;\"><strong>\u201cNuestra gesti\u00f3n de negocios se resume en una sola palabra: excelencia\u201d<\/strong><\/p>\n<p style=\"text-align: center;\"><span style=\"color: #000000;\"><strong><span style=\"vertical-align: inherit;\"><span style=\"vertical-align: inherit;\">TUSCANY HILL SERVICE CORP<\/span><\/span><\/strong><\/span><\/p><p style=\"text-align: center;\"><span style=\"color: #000000;\"><strong><span style=\"vertical-align: inherit;\"><span style=\"vertical-align: inherit;\"><br><\/span><\/span><\/strong><\/span><\/p>\t\t\t\t\t\t<\/div>\n\t\t\t\t<\/div>\n\t\t\t\t\t<\/div>\n\t\t<\/div>\n\t\t\t\t\t\t\t<\/div>\n\t\t<\/section>\n\t\t\t\t\t\t\t<\/div>\n\t\t","protected":false},"excerpt":{"rendered":"<p>Commodities Nuestra actividad financiera tambi\u00e9n incluye la comercializaci\u00f3n de uno de los activos m\u00e1s negociables a nivel mundial. De energ\u00eda: petr\u00f3leo y sus derivados, gas natural, carb\u00f3n. De agricultura: ma\u00edz, trigo, caf\u00e9, soja, az\u00facar y otros. De metales: hierro, oro,<\/p>\n","protected":false},"author":1,"featured_media":0,"parent":0,"menu_order":0,"comment_status":"closed","ping_status":"closed","template":"","meta":[],"_links":{"self":[{"href":"https:\/\/tuscanyhs.com\/index.php\/wp-json\/wp\/v2\/pages\/809"}],"collection":[{"href":"https:\/\/tuscanyhs.com\/index.php\/wp-json\/wp\/v2\/pages"}],"about":[{"href":"https:\/\/tuscanyhs.com\/index.php\/wp-json\/wp\/v2\/types\/page"}],"author":[{"embeddable":true,"href":"https:\/\/tuscanyhs.com\/index.php\/wp-json\/wp\/v2\/users\/1"}],"replies":[{"embeddable":true,"href":"https:\/\/tuscanyhs.com\/index.php\/wp-json\/wp\/v2\/comments?post=809"}],"version-history":[{"count":42,"href":"https:\/\/tuscanyhs.com\/index.php\/wp-json\/wp\/v2\/pages\/809\/revisions"}],"predecessor-version":[{"id":1067,"href":"https:\/\/tuscanyhs.com\/index.php\/wp-json\/wp\/v2\/pages\/809\/revisions\/1067"}],"wp:attachment":[{"href":"https:\/\/tuscanyhs.com\/index.php\/wp-json\/wp\/v2\/media?parent=809"}],"curies":[{"name":"wp","href":"https:\/\/api.w.org\/{rel}","templated":true}]}}