{"id":665,"date":"2023-03-14T01:25:04","date_gmt":"2023-03-14T01:25:04","guid":{"rendered":"https:\/\/tuscanyhs.com\/?page_id=665"},"modified":"2023-04-12T14:23:10","modified_gmt":"2023-04-12T14:23:10","slug":"nuestro-equipo","status":"publish","type":"page","link":"https:\/\/tuscanyhs.com\/index.php\/nuestro-equipo\/","title":{"rendered":"Nuestro equipo"},"content":{"rendered":"\t\t<div data-elementor-type=\"wp-page\" data-elementor-id=\"665\" class=\"elementor elementor-665\">\n\t\t\t\t\t\t\t\t\t<section class=\"elementor-section elementor-top-section elementor-element elementor-element-d80ab19 elementor-section-full_width elementor-section-height-default elementor-section-height-default\" data-id=\"d80ab19\" data-element_type=\"section\" data-settings=\"{&quot;background_background&quot;:&quot;classic&quot;}\">\n\t\t\t\t\t\t<div class=\"elementor-container elementor-column-gap-default\">\n\t\t\t\t\t<div class=\"elementor-column elementor-col-100 elementor-top-column elementor-element elementor-element-c71503d\" data-id=\"c71503d\" data-element_type=\"column\">\n\t\t\t<div class=\"elementor-widget-wrap elementor-element-populated\">\n\t\t\t\t\t\t\t\t<div class=\"elementor-element elementor-element-f5d5fda elementor-widget elementor-widget-heading\" data-id=\"f5d5fda\" data-element_type=\"widget\" data-widget_type=\"heading.default\">\n\t\t\t\t<div class=\"elementor-widget-container\">\n\t\t\t<style>\/*! elementor - v3.11.4 - 12-03-2023 *\/\n.elementor-heading-title{padding:0;margin:0;line-height:1}.elementor-widget-heading .elementor-heading-title[class*=elementor-size-]>a{color:inherit;font-size:inherit;line-height:inherit}.elementor-widget-heading .elementor-heading-title.elementor-size-small{font-size:15px}.elementor-widget-heading .elementor-heading-title.elementor-size-medium{font-size:19px}.elementor-widget-heading .elementor-heading-title.elementor-size-large{font-size:29px}.elementor-widget-heading .elementor-heading-title.elementor-size-xl{font-size:39px}.elementor-widget-heading .elementor-heading-title.elementor-size-xxl{font-size:59px}<\/style><h1 class=\"elementor-heading-title elementor-size-default\">Nuestro Equipo<\/h1>\t\t<\/div>\n\t\t\t\t<\/div>\n\t\t\t\t\t<\/div>\n\t\t<\/div>\n\t\t\t\t\t\t\t<\/div>\n\t\t<\/section>\n\t\t\t\t<section class=\"elementor-section elementor-top-section elementor-element elementor-element-e06c28e elementor-section-boxed elementor-section-height-default elementor-section-height-default\" data-id=\"e06c28e\" data-element_type=\"section\">\n\t\t\t\t\t\t<div class=\"elementor-container elementor-column-gap-default\">\n\t\t\t\t\t<div class=\"elementor-column elementor-col-100 elementor-top-column elementor-element elementor-element-0f0f831\" data-id=\"0f0f831\" data-element_type=\"column\">\n\t\t\t<div class=\"elementor-widget-wrap elementor-element-populated\">\n\t\t\t\t\t\t\t\t<div class=\"elementor-element elementor-element-adb0f19 elementor-widget elementor-widget-image\" data-id=\"adb0f19\" data-element_type=\"widget\" data-widget_type=\"image.default\">\n\t\t\t\t<div class=\"elementor-widget-container\">\n\t\t\t<style>\/*! elementor - v3.11.4 - 12-03-2023 *\/\n.elementor-widget-image{text-align:center}.elementor-widget-image a{display:inline-block}.elementor-widget-image a img[src$=\".svg\"]{width:48px}.elementor-widget-image img{vertical-align:middle;display:inline-block}<\/style>\t\t\t\t\t\t\t\t\t\t\t\t<img decoding=\"async\" width=\"1500\" height=\"800\" src=\"https:\/\/tuscanyhs.com\/wp-content\/uploads\/2023\/03\/NUESTRO-EQUIPO.jpg\" class=\"attachment-full size-full wp-image-980\" alt=\"NUESTRO EQUIPO\" loading=\"lazy\" srcset=\"https:\/\/tuscanyhs.com\/wp-content\/uploads\/2023\/03\/NUESTRO-EQUIPO.jpg 1500w, https:\/\/tuscanyhs.com\/wp-content\/uploads\/2023\/03\/NUESTRO-EQUIPO-300x160.jpg 300w, https:\/\/tuscanyhs.com\/wp-content\/uploads\/2023\/03\/NUESTRO-EQUIPO-1024x546.jpg 1024w, https:\/\/tuscanyhs.com\/wp-content\/uploads\/2023\/03\/NUESTRO-EQUIPO-768x410.jpg 768w\" sizes=\"(max-width: 1500px) 100vw, 1500px\" \/>\t\t\t\t\t\t\t\t\t\t\t\t\t\t\t<\/div>\n\t\t\t\t<\/div>\n\t\t\t\t\t<\/div>\n\t\t<\/div>\n\t\t\t\t\t\t\t<\/div>\n\t\t<\/section>\n\t\t\t\t<section class=\"elementor-section elementor-top-section elementor-element elementor-element-79991b4 elementor-section-boxed elementor-section-height-default elementor-section-height-default\" data-id=\"79991b4\" data-element_type=\"section\">\n\t\t\t\t\t\t<div class=\"elementor-container elementor-column-gap-default\">\n\t\t\t\t\t<div class=\"elementor-column elementor-col-100 elementor-top-column elementor-element elementor-element-57e5f2e\" data-id=\"57e5f2e\" data-element_type=\"column\">\n\t\t\t<div class=\"elementor-widget-wrap elementor-element-populated\">\n\t\t\t\t\t\t\t\t<div class=\"elementor-element elementor-element-908d186 elementor-widget elementor-widget-text-editor\" data-id=\"908d186\" data-element_type=\"widget\" data-widget_type=\"text-editor.default\">\n\t\t\t\t<div class=\"elementor-widget-container\">\n\t\t\t<style>\/*! elementor - v3.11.4 - 12-03-2023 *\/\n.elementor-widget-text-editor.elementor-drop-cap-view-stacked .elementor-drop-cap{background-color:#818a91;color:#fff}.elementor-widget-text-editor.elementor-drop-cap-view-framed .elementor-drop-cap{color:#818a91;border:3px solid;background-color:transparent}.elementor-widget-text-editor:not(.elementor-drop-cap-view-default) .elementor-drop-cap{margin-top:8px}.elementor-widget-text-editor:not(.elementor-drop-cap-view-default) .elementor-drop-cap-letter{width:1em;height:1em}.elementor-widget-text-editor .elementor-drop-cap{float:left;text-align:center;line-height:1;font-size:50px}.elementor-widget-text-editor .elementor-drop-cap-letter{display:inline-block}<\/style>\t\t\t\t<p class=\"p1\">Somos un<span class=\"Apple-converted-space\">\u00a0 <\/span>grupo de profesionales dispuestos a brindarles soluciones.<\/p><p class=\"p1\">Nuestros asesores del \u00e1rea financiera estructurar\u00e1n y acompa\u00f1ar\u00e1n el proceso de obtenci\u00f3n de recursos, ya sea en el mercado local o internacional. Trabajaremos con usted y lo ayudaremos a estructurar un plan financiero s\u00f3lido que respalde su solicitud.<\/p><p class=\"p1\">Nuestros aliados financieros, en varios pa\u00edses, constituyen un variado grupo de proveedores de fondos, de la Banca privada o Fondos de inversi\u00f3n.<\/p>\t\t\t\t\t\t<\/div>\n\t\t\t\t<\/div>\n\t\t\t\t\t<\/div>\n\t\t<\/div>\n\t\t\t\t\t\t\t<\/div>\n\t\t<\/section>\n\t\t\t\t<section class=\"elementor-section elementor-top-section elementor-element elementor-element-a0ba3a0 elementor-section-boxed elementor-section-height-default elementor-section-height-default\" data-id=\"a0ba3a0\" data-element_type=\"section\">\n\t\t\t\t\t\t<div class=\"elementor-container elementor-column-gap-default\">\n\t\t\t\t\t<div class=\"elementor-column elementor-col-50 elementor-top-column elementor-element elementor-element-31815f8\" data-id=\"31815f8\" data-element_type=\"column\">\n\t\t\t<div class=\"elementor-widget-wrap elementor-element-populated\">\n\t\t\t\t\t\t\t\t<div class=\"elementor-element elementor-element-01a72d5 elementor-widget elementor-widget-text-editor\" data-id=\"01a72d5\" data-element_type=\"widget\" data-widget_type=\"text-editor.default\">\n\t\t\t\t<div class=\"elementor-widget-container\">\n\t\t\t\t\t\t\t<p class=\"p1\"><b>Equipo Financiero<\/b><\/p><p class=\"p2\">Expertos en Gesti\u00f3n de Fondos.<\/p><p class=\"p2\">Expertos en Banca Privada.<\/p><p class=\"p2\">Consultores en Finanzas.<\/p>\t\t\t\t\t\t<\/div>\n\t\t\t\t<\/div>\n\t\t\t\t\t<\/div>\n\t\t<\/div>\n\t\t\t\t<div class=\"elementor-column elementor-col-50 elementor-top-column elementor-element elementor-element-343983d\" data-id=\"343983d\" data-element_type=\"column\">\n\t\t\t<div class=\"elementor-widget-wrap elementor-element-populated\">\n\t\t\t\t\t\t\t\t<div class=\"elementor-element elementor-element-137a4ee elementor-widget elementor-widget-text-editor\" data-id=\"137a4ee\" data-element_type=\"widget\" data-widget_type=\"text-editor.default\">\n\t\t\t\t<div class=\"elementor-widget-container\">\n\t\t\t\t\t\t\t<p class=\"p2\"><b>Equipo Comercial<\/b><\/p><p class=\"p3\">Asesores en Comercio Internacional<\/p><p class=\"p3\">Asesores en Proyectos de Energ\u00eda Renovable<\/p><p class=\"p3\">Asesores en Proyectos de Infraestructura<\/p>\t\t\t\t\t\t<\/div>\n\t\t\t\t<\/div>\n\t\t\t\t\t<\/div>\n\t\t<\/div>\n\t\t\t\t\t\t\t<\/div>\n\t\t<\/section>\n\t\t\t\t<section class=\"elementor-section elementor-top-section elementor-element elementor-element-cbe6f77 elementor-section-boxed elementor-section-height-default elementor-section-height-default\" data-id=\"cbe6f77\" data-element_type=\"section\" data-settings=\"{&quot;background_background&quot;:&quot;classic&quot;}\">\n\t\t\t\t\t\t<div class=\"elementor-container elementor-column-gap-default\">\n\t\t\t\t\t<div class=\"elementor-column elementor-col-100 elementor-top-column elementor-element elementor-element-f0149d2\" data-id=\"f0149d2\" data-element_type=\"column\">\n\t\t\t<div class=\"elementor-widget-wrap elementor-element-populated\">\n\t\t\t\t\t\t\t\t<div class=\"elementor-element elementor-element-04db35f elementor-widget elementor-widget-text-editor\" data-id=\"04db35f\" data-element_type=\"widget\" data-widget_type=\"text-editor.default\">\n\t\t\t\t<div class=\"elementor-widget-container\">\n\t\t\t\t\t\t\t<p>\u00a0<\/p><p style=\"text-align: center;\"><strong>\u201cNuestra gesti\u00f3n de negocios se resume en una sola palabra: excelencia\u201d<\/strong><\/p><p style=\"text-align: center;\"><span style=\"color: #000000;\"><strong><span style=\"vertical-align: inherit;\"><span class=\"VIpgJd-yAWNEb-VIpgJd-fmcmS-sn54Q\" style=\"vertical-align: inherit;\">TUSCANY HILL SERVICE CORP<\/span><\/span><\/strong><\/span><\/p><p>\u00a0<\/p>\t\t\t\t\t\t<\/div>\n\t\t\t\t<\/div>\n\t\t\t\t\t<\/div>\n\t\t<\/div>\n\t\t\t\t\t\t\t<\/div>\n\t\t<\/section>\n\t\t\t\t\t\t\t<\/div>\n\t\t","protected":false},"excerpt":{"rendered":"<p>Nuestro Equipo Somos un\u00a0 grupo de profesionales dispuestos a brindarles soluciones. Nuestros asesores del \u00e1rea financiera estructurar\u00e1n y acompa\u00f1ar\u00e1n el proceso de obtenci\u00f3n de recursos, ya sea en el mercado local o internacional. Trabajaremos con usted y lo ayudaremos a<\/p>\n","protected":false},"author":1,"featured_media":0,"parent":0,"menu_order":0,"comment_status":"closed","ping_status":"closed","template":"","meta":[],"_links":{"self":[{"href":"https:\/\/tuscanyhs.com\/index.php\/wp-json\/wp\/v2\/pages\/665"}],"collection":[{"href":"https:\/\/tuscanyhs.com\/index.php\/wp-json\/wp\/v2\/pages"}],"about":[{"href":"https:\/\/tuscanyhs.com\/index.php\/wp-json\/wp\/v2\/types\/page"}],"author":[{"embeddable":true,"href":"https:\/\/tuscanyhs.com\/index.php\/wp-json\/wp\/v2\/users\/1"}],"replies":[{"embeddable":true,"href":"https:\/\/tuscanyhs.com\/index.php\/wp-json\/wp\/v2\/comments?post=665"}],"version-history":[{"count":52,"href":"https:\/\/tuscanyhs.com\/index.php\/wp-json\/wp\/v2\/pages\/665\/revisions"}],"predecessor-version":[{"id":1049,"href":"https:\/\/tuscanyhs.com\/index.php\/wp-json\/wp\/v2\/pages\/665\/revisions\/1049"}],"wp:attachment":[{"href":"https:\/\/tuscanyhs.com\/index.php\/wp-json\/wp\/v2\/media?parent=665"}],"curies":[{"name":"wp","href":"https:\/\/api.w.org\/{rel}","templated":true}]}}