{"id":660,"date":"2023-03-14T01:24:45","date_gmt":"2023-03-14T01:24:45","guid":{"rendered":"https:\/\/tuscanyhs.com\/?page_id=660"},"modified":"2023-04-12T14:24:10","modified_gmt":"2023-04-12T14:24:10","slug":"inicio","status":"publish","type":"page","link":"https:\/\/tuscanyhs.com\/","title":{"rendered":"Inicio"},"content":{"rendered":"\t\t<div data-elementor-type=\"wp-page\" data-elementor-id=\"660\" class=\"elementor elementor-660\">\n\t\t\t\t\t\t\t\t\t<section class=\"elementor-section elementor-top-section elementor-element elementor-element-5de372b elementor-section-full_width elementor-section-height-default elementor-section-height-default\" data-id=\"5de372b\" data-element_type=\"section\">\n\t\t\t\t\t\t<div class=\"elementor-container elementor-column-gap-default\">\n\t\t\t\t\t<div class=\"elementor-column elementor-col-100 elementor-top-column elementor-element elementor-element-9502e9c\" data-id=\"9502e9c\" data-element_type=\"column\">\n\t\t\t<div class=\"elementor-widget-wrap elementor-element-populated\">\n\t\t\t\t\t\t\t\t<div class=\"elementor-element elementor-element-78ea538 elementor-arrows-position-inside elementor-pagination-position-outside elementor-widget elementor-widget-image-carousel\" data-id=\"78ea538\" data-element_type=\"widget\" data-settings=\"{&quot;slides_to_show&quot;:&quot;1&quot;,&quot;lazyload&quot;:&quot;yes&quot;,&quot;autoplay_speed&quot;:3000,&quot;pause_on_hover&quot;:&quot;no&quot;,&quot;navigation&quot;:&quot;both&quot;,&quot;autoplay&quot;:&quot;yes&quot;,&quot;pause_on_interaction&quot;:&quot;yes&quot;,&quot;infinite&quot;:&quot;yes&quot;,&quot;effect&quot;:&quot;slide&quot;,&quot;speed&quot;:500}\" data-widget_type=\"image-carousel.default\">\n\t\t\t\t<div class=\"elementor-widget-container\">\n\t\t\t<style>\/*! elementor - v3.11.4 - 12-03-2023 *\/\n.elementor-widget-image-carousel .swiper,.elementor-widget-image-carousel .swiper-container{position:static}.elementor-widget-image-carousel .swiper-container .swiper-slide figure,.elementor-widget-image-carousel .swiper .swiper-slide figure{line-height:inherit}.elementor-widget-image-carousel .swiper-slide{text-align:center}.elementor-image-carousel-wrapper:not(.swiper-container-initialized) .swiper-slide,.elementor-image-carousel-wrapper:not(.swiper-initialized) .swiper-slide{max-width:calc(100% \/ var(--e-image-carousel-slides-to-show, 3))}<\/style>\t\t<div class=\"elementor-image-carousel-wrapper swiper\" dir=\"ltr\">\n\t\t\t<div class=\"elementor-image-carousel swiper-wrapper\">\n\t\t\t\t\t\t\t\t<div class=\"swiper-slide\"><figure class=\"swiper-slide-inner\"><img class=\"swiper-slide-image swiper-lazy\" data-src=\"https:\/\/tuscanyhs.com\/wp-content\/uploads\/2023\/03\/SECTOR-PRIVADO-Y-PUBLICO-1.jpg\" alt=\"SECTOR-PRIVADO-Y-PUBLICO\" \/><div class=\"swiper-lazy-preloader\"><\/div><\/figure><\/div><div class=\"swiper-slide\"><figure class=\"swiper-slide-inner\"><img class=\"swiper-slide-image swiper-lazy\" data-src=\"https:\/\/tuscanyhs.com\/wp-content\/uploads\/2023\/03\/GESTION-DE-FONDOS-1.jpg\" alt=\"GESTION-DE-FONDOS\" \/><div class=\"swiper-lazy-preloader\"><\/div><\/figure><\/div><div class=\"swiper-slide\"><figure class=\"swiper-slide-inner\"><img class=\"swiper-slide-image swiper-lazy\" data-src=\"https:\/\/tuscanyhs.com\/wp-content\/uploads\/2023\/03\/COMERCIO-INT-1.jpg\" alt=\"COMERCIO-INT\" \/><div class=\"swiper-lazy-preloader\"><\/div><\/figure><\/div><div class=\"swiper-slide\"><figure class=\"swiper-slide-inner\"><img class=\"swiper-slide-image swiper-lazy\" data-src=\"https:\/\/tuscanyhs.com\/wp-content\/uploads\/2023\/03\/COMMODITIES-2.jpg\" alt=\"COMMODITIES\" \/><div class=\"swiper-lazy-preloader\"><\/div><\/figure><\/div><div class=\"swiper-slide\"><figure class=\"swiper-slide-inner\"><img class=\"swiper-slide-image swiper-lazy\" data-src=\"https:\/\/tuscanyhs.com\/wp-content\/uploads\/2023\/03\/INSTRUMENTOS-BANCARIOS-1.jpg\" alt=\"INSTRUMENTOS-BANCARIOS\" \/><div class=\"swiper-lazy-preloader\"><\/div><\/figure><\/div><div class=\"swiper-slide\"><figure class=\"swiper-slide-inner\"><img class=\"swiper-slide-image swiper-lazy\" data-src=\"https:\/\/tuscanyhs.com\/wp-content\/uploads\/2023\/03\/FINANCIACION-2.jpg\" alt=\"FINANCIACION\" \/><div class=\"swiper-lazy-preloader\"><\/div><\/figure><\/div>\t\t\t<\/div>\n\t\t\t\t\t\t\t\t\t\t\t\t<div class=\"swiper-pagination\"><\/div>\n\t\t\t\t\t\t\t\t\t\t\t\t\t<div class=\"elementor-swiper-button elementor-swiper-button-prev\">\n\t\t\t\t\t\t<i aria-hidden=\"true\" class=\"eicon-chevron-left\"><\/i>\t\t\t\t\t\t<span class=\"elementor-screen-only\">Previous<\/span>\n\t\t\t\t\t<\/div>\n\t\t\t\t\t<div class=\"elementor-swiper-button elementor-swiper-button-next\">\n\t\t\t\t\t\t<i aria-hidden=\"true\" class=\"eicon-chevron-right\"><\/i>\t\t\t\t\t\t<span class=\"elementor-screen-only\">Next<\/span>\n\t\t\t\t\t<\/div>\n\t\t\t\t\t\t\t\t\t<\/div>\n\t\t\t\t<\/div>\n\t\t\t\t<\/div>\n\t\t\t\t\t<\/div>\n\t\t<\/div>\n\t\t\t\t\t\t\t<\/div>\n\t\t<\/section>\n\t\t\t\t<section class=\"elementor-section elementor-top-section elementor-element elementor-element-26f576e elementor-section-boxed elementor-section-height-default elementor-section-height-default\" data-id=\"26f576e\" data-element_type=\"section\" data-settings=\"{&quot;background_background&quot;:&quot;classic&quot;}\">\n\t\t\t\t\t\t<div class=\"elementor-container elementor-column-gap-default\">\n\t\t\t\t\t<div class=\"elementor-column elementor-col-100 elementor-top-column elementor-element elementor-element-fb73f10\" data-id=\"fb73f10\" data-element_type=\"column\">\n\t\t\t<div class=\"elementor-widget-wrap elementor-element-populated\">\n\t\t\t\t\t\t\t\t<div class=\"elementor-element elementor-element-50be1fe elementor-widget elementor-widget-heading\" data-id=\"50be1fe\" data-element_type=\"widget\" data-widget_type=\"heading.default\">\n\t\t\t\t<div class=\"elementor-widget-container\">\n\t\t\t<style>\/*! elementor - v3.11.4 - 12-03-2023 *\/\n.elementor-heading-title{padding:0;margin:0;line-height:1}.elementor-widget-heading .elementor-heading-title[class*=elementor-size-]>a{color:inherit;font-size:inherit;line-height:inherit}.elementor-widget-heading .elementor-heading-title.elementor-size-small{font-size:15px}.elementor-widget-heading .elementor-heading-title.elementor-size-medium{font-size:19px}.elementor-widget-heading .elementor-heading-title.elementor-size-large{font-size:29px}.elementor-widget-heading .elementor-heading-title.elementor-size-xl{font-size:39px}.elementor-widget-heading .elementor-heading-title.elementor-size-xxl{font-size:59px}<\/style><h2 class=\"elementor-heading-title elementor-size-default\"><font style=\"vertical-align: inherit;\"><font style=\"vertical-align: inherit;\"><font style=\"vertical-align: inherit;\"><font style=\"vertical-align: inherit;\">Tuscany Hill Services    <\/font><\/font><\/font><\/font><br><br><font style=\"vertical-align: inherit;\"><font style=\"vertical-align: inherit;\"><font style=\"vertical-align: inherit;\"><font style=\"vertical-align: inherit;\">\n<\/font><\/font><\/font><\/font><strong style=\"font-variant-ligatures: normal; font-variant-caps: normal; font-family: Montserrat; font-size: 16px; font-style: normal; color: rgb(122, 122, 122); white-space: normal;\"><span style=\"font-size: 16px; color: rgb(0, 0, 0);\">\u201cNuestra gesti\u00f3n de negocios se resume en una sola palabra: excelencia\u201d<\/span><\/strong><font style=\"vertical-align: inherit;\"><font style=\"vertical-align: inherit;\"><font style=\"vertical-align: inherit;\"><\/font><\/font><\/font><font style=\"vertical-align: inherit;\"><\/font><\/h2>\t\t<\/div>\n\t\t\t\t<\/div>\n\t\t\t\t<div class=\"elementor-element elementor-element-0452c6a elementor-widget elementor-widget-text-editor\" data-id=\"0452c6a\" data-element_type=\"widget\" data-widget_type=\"text-editor.default\">\n\t\t\t\t<div class=\"elementor-widget-container\">\n\t\t\t<style>\/*! elementor - v3.11.4 - 12-03-2023 *\/\n.elementor-widget-text-editor.elementor-drop-cap-view-stacked .elementor-drop-cap{background-color:#818a91;color:#fff}.elementor-widget-text-editor.elementor-drop-cap-view-framed .elementor-drop-cap{color:#818a91;border:3px solid;background-color:transparent}.elementor-widget-text-editor:not(.elementor-drop-cap-view-default) .elementor-drop-cap{margin-top:8px}.elementor-widget-text-editor:not(.elementor-drop-cap-view-default) .elementor-drop-cap-letter{width:1em;height:1em}.elementor-widget-text-editor .elementor-drop-cap{float:left;text-align:center;line-height:1;font-size:50px}.elementor-widget-text-editor .elementor-drop-cap-letter{display:inline-block}<\/style>\t\t\t\t<p class=\"p1\"><i>Bienvenido, los invitamos a interactuar con nosotros a trav\u00e9s de nuestra p\u00e1gina, donde podremos ofrecerle nuestros servicios, tanto a empresas como instituciones. Nuestra \u00e1gil manera de gesti\u00f3n facilita los tr\u00e1mites y nos permite dar respuestas de forma m\u00e1s inmediata.<\/i><\/p>\t\t\t\t\t\t<\/div>\n\t\t\t\t<\/div>\n\t\t\t\t<div class=\"elementor-element elementor-element-de95606 elementor-widget elementor-widget-text-editor\" data-id=\"de95606\" data-element_type=\"widget\" data-widget_type=\"text-editor.default\">\n\t\t\t\t<div class=\"elementor-widget-container\">\n\t\t\t\t\t\t\t\t\t\t\t\t\t<\/div>\n\t\t\t\t<\/div>\n\t\t\t\t\t<\/div>\n\t\t<\/div>\n\t\t\t\t\t\t\t<\/div>\n\t\t<\/section>\n\t\t\t\t<section class=\"elementor-section elementor-top-section elementor-element elementor-element-88d364a elementor-section-boxed elementor-section-height-default elementor-section-height-default\" data-id=\"88d364a\" data-element_type=\"section\">\n\t\t\t\t\t\t<div class=\"elementor-container elementor-column-gap-default\">\n\t\t\t\t\t<div class=\"elementor-column elementor-col-33 elementor-top-column elementor-element elementor-element-3f3b9d7\" data-id=\"3f3b9d7\" data-element_type=\"column\">\n\t\t\t<div class=\"elementor-widget-wrap elementor-element-populated\">\n\t\t\t\t\t\t\t\t<div class=\"elementor-element elementor-element-014b48f elementor-vertical-align-middle elementor-position-top elementor-widget elementor-widget-image-box\" data-id=\"014b48f\" data-element_type=\"widget\" data-widget_type=\"image-box.default\">\n\t\t\t\t<div class=\"elementor-widget-container\">\n\t\t\t<style>\/*! elementor - v3.11.4 - 12-03-2023 *\/\n.elementor-widget-image-box .elementor-image-box-content{width:100%}@media (min-width:768px){.elementor-widget-image-box.elementor-position-left .elementor-image-box-wrapper,.elementor-widget-image-box.elementor-position-right .elementor-image-box-wrapper{display:flex}.elementor-widget-image-box.elementor-position-right .elementor-image-box-wrapper{text-align:right;flex-direction:row-reverse}.elementor-widget-image-box.elementor-position-left .elementor-image-box-wrapper{text-align:left;flex-direction:row}.elementor-widget-image-box.elementor-position-top .elementor-image-box-img{margin:auto}.elementor-widget-image-box.elementor-vertical-align-top .elementor-image-box-wrapper{align-items:flex-start}.elementor-widget-image-box.elementor-vertical-align-middle .elementor-image-box-wrapper{align-items:center}.elementor-widget-image-box.elementor-vertical-align-bottom .elementor-image-box-wrapper{align-items:flex-end}}@media (max-width:767px){.elementor-widget-image-box .elementor-image-box-img{margin-left:auto!important;margin-right:auto!important;margin-bottom:15px}}.elementor-widget-image-box .elementor-image-box-img{display:inline-block}.elementor-widget-image-box .elementor-image-box-title a{color:inherit}.elementor-widget-image-box .elementor-image-box-wrapper{text-align:center}.elementor-widget-image-box .elementor-image-box-description{margin:0}<\/style><div class=\"elementor-image-box-wrapper\"><figure class=\"elementor-image-box-img\"><img decoding=\"async\" src=\"https:\/\/tuscanyhs.com\/wp-content\/uploads\/2023\/03\/1.jpg\" title=\"1\" alt=\"QUIENES SOMOS\" loading=\"lazy\" \/><\/figure><div class=\"elementor-image-box-content\"><h3 class=\"elementor-image-box-title\">Quienes Somos<\/h3><p class=\"elementor-image-box-description\">Tuscany Hill Services, es  un grupo, formado por profesionales, con preparaci\u00f3n, conocimiento  y experiencia en el manejo financiero, inversiones, proyectos de infraestructura y comercio internacional. Brindamos soluciones, acordes a las necesidades de nuestros clientes, y brindamos asesor\u00eda y acompa\u00f1amiento en la toma de decisiones que garantizan los objetivos que ellos persiguen.\nNuestra actividad financiera tambi\u00e9n incluye la comercializaci\u00f3n de uno de los activos m\u00e1s negociables a nivel mundial. \nNuestros socios comerciales siempre tendr\u00e1n en nosotros un aliado en sus proyectos.<\/p><\/div><\/div>\t\t<\/div>\n\t\t\t\t<\/div>\n\t\t\t\t\t<\/div>\n\t\t<\/div>\n\t\t\t\t<div class=\"elementor-column elementor-col-33 elementor-top-column elementor-element elementor-element-ddef537\" data-id=\"ddef537\" data-element_type=\"column\">\n\t\t\t<div class=\"elementor-widget-wrap elementor-element-populated\">\n\t\t\t\t\t\t\t\t<div class=\"elementor-element elementor-element-4c94740 elementor-vertical-align-middle elementor-position-top elementor-widget elementor-widget-image-box\" data-id=\"4c94740\" data-element_type=\"widget\" data-widget_type=\"image-box.default\">\n\t\t\t\t<div class=\"elementor-widget-container\">\n\t\t\t<div class=\"elementor-image-box-wrapper\"><figure class=\"elementor-image-box-img\"><img decoding=\"async\" width=\"1080\" height=\"741\" src=\"https:\/\/tuscanyhs.com\/wp-content\/uploads\/2023\/03\/2.jpg\" class=\"attachment-full size-full wp-image-956\" alt=\"\" loading=\"lazy\" srcset=\"https:\/\/tuscanyhs.com\/wp-content\/uploads\/2023\/03\/2.jpg 1080w, https:\/\/tuscanyhs.com\/wp-content\/uploads\/2023\/03\/2-300x206.jpg 300w, https:\/\/tuscanyhs.com\/wp-content\/uploads\/2023\/03\/2-1024x703.jpg 1024w, https:\/\/tuscanyhs.com\/wp-content\/uploads\/2023\/03\/2-768x527.jpg 768w\" sizes=\"(max-width: 1080px) 100vw, 1080px\" \/><\/figure><div class=\"elementor-image-box-content\"><h3 class=\"elementor-image-box-title\">Misi\u00f3n y Visi\u00f3n<\/h3><p class=\"elementor-image-box-description\"><b>MISI\u00d3N<\/b><br>\nSer una compa\u00f1\u00eda que facilita, de manera \u00e1gil y segura, recursos\u00a0financieros\u00a0a nuestros clientes, permiti\u00e9ndoles acceder a fuentes de financiaci\u00f3n, ofreci\u00e9ndoles una excelente experiencia de negocios, basada en nuestro profesionalismo e individualizando el servicio que les entregamos.<br><br>\n\n<b>VISI\u00d3N<\/b><br>\nAcorto plazo, ser reconocida por la solidez de sus operaciones y consolidada  por su excelente servicio. Reconocida tambi\u00e9n por el impacto positivo que causa su gesti\u00f3n. Contribuir de forma activa y comprometida al desarrollo sostenible de la econom\u00eda a nivel empresarial y gubernamental.\nNuestra empresa tendr\u00e1 reconocimiento por sus altos\u00a0est\u00e1ndares calidad, atenci\u00f3n personalizada, \u00e9tica en los negocios y por contribuir responsablemente en las soluciones financieras de todos los clientes.<\/p><\/div><\/div>\t\t<\/div>\n\t\t\t\t<\/div>\n\t\t\t\t\t<\/div>\n\t\t<\/div>\n\t\t\t\t<div class=\"elementor-column elementor-col-33 elementor-top-column elementor-element elementor-element-fa42fca\" data-id=\"fa42fca\" data-element_type=\"column\">\n\t\t\t<div class=\"elementor-widget-wrap elementor-element-populated\">\n\t\t\t\t\t\t\t\t<div class=\"elementor-element elementor-element-a56b6d3 elementor-vertical-align-middle elementor-position-top elementor-widget elementor-widget-image-box\" data-id=\"a56b6d3\" data-element_type=\"widget\" data-widget_type=\"image-box.default\">\n\t\t\t\t<div class=\"elementor-widget-container\">\n\t\t\t<div class=\"elementor-image-box-wrapper\"><figure class=\"elementor-image-box-img\"><img decoding=\"async\" width=\"1080\" height=\"741\" src=\"https:\/\/tuscanyhs.com\/wp-content\/uploads\/2023\/03\/3.jpg\" class=\"attachment-full size-full wp-image-957\" alt=\"\" loading=\"lazy\" srcset=\"https:\/\/tuscanyhs.com\/wp-content\/uploads\/2023\/03\/3.jpg 1080w, https:\/\/tuscanyhs.com\/wp-content\/uploads\/2023\/03\/3-300x206.jpg 300w, https:\/\/tuscanyhs.com\/wp-content\/uploads\/2023\/03\/3-1024x703.jpg 1024w, https:\/\/tuscanyhs.com\/wp-content\/uploads\/2023\/03\/3-768x527.jpg 768w\" sizes=\"(max-width: 1080px) 100vw, 1080px\" \/><\/figure><div class=\"elementor-image-box-content\"><h3 class=\"elementor-image-box-title\">Nuestros Valores<\/h3><p class=\"elementor-image-box-description\"><b>INTEGRIDAD <\/b> <br>\nHacer lo correcto siguiendo nuestros m\u00e1s importantes valores\u00a0morales\u00a0y\u00a0\u00e9ticos. Actuar siguiendo siempre nuestra\u00a0conciencia, intentando hacer lo bueno, lo\u00a0correcto\u00a0y lo\u00a0justo. <br><br>\n\n<b>SERVICIO<\/b> <br>\nEnfocaremos nuestro trabajo desde la necesidad del cliente, tomando en cuenta y valorando su punto de vista en nuestras decisiones, solucionaremos sus necesidades de manera \u00e1gil y ejecutiva, superaremos cualquier dificultad que se presente.<br><br>\n<b>RESPETO<\/b> <br> \nRespetaremos el medio ambiente de las comunidades donde laboremos; respetaremos a nuestros clientes, proveedores, nuestro lugar de trabajo y a nosotros mismos. Seremos respetuosas con la diversidad  humana, religiones, razas y formas de vida.<br><br>\n\n<b>COMPROMISO<\/b> <br>\nNos comprometamos a dar lo mejor de nosotros, personal y profesionalmente, en beneficio de nuestros clientes. Trabajar con la m\u00e1xima calidad en todo lo que hagamos y cumplir con los tiempos ofrecidos.\n<\/p><\/div><\/div>\t\t<\/div>\n\t\t\t\t<\/div>\n\t\t\t\t\t<\/div>\n\t\t<\/div>\n\t\t\t\t\t\t\t<\/div>\n\t\t<\/section>\n\t\t\t\t<section class=\"elementor-section elementor-top-section elementor-element elementor-element-4349f2c elementor-section-boxed elementor-section-height-default elementor-section-height-default\" data-id=\"4349f2c\" data-element_type=\"section\" data-settings=\"{&quot;background_background&quot;:&quot;classic&quot;}\">\n\t\t\t\t\t\t<div class=\"elementor-container elementor-column-gap-default\">\n\t\t\t\t\t<div class=\"elementor-column elementor-col-100 elementor-top-column elementor-element elementor-element-c7e1843\" data-id=\"c7e1843\" data-element_type=\"column\">\n\t\t\t<div class=\"elementor-widget-wrap elementor-element-populated\">\n\t\t\t\t\t\t\t\t<div class=\"elementor-element elementor-element-cbc8284 elementor-widget elementor-widget-text-editor\" data-id=\"cbc8284\" data-element_type=\"widget\" data-widget_type=\"text-editor.default\">\n\t\t\t\t<div class=\"elementor-widget-container\">\n\t\t\t\t\t\t\t<p style=\"text-align: center;\"><strong><br><\/strong><\/p><p style=\"text-align: center;\"><strong>\u201cNuestra gesti\u00f3n de negocios se resume en una sola palabra: excelencia\u201d<\/strong><\/p>\n<p style=\"text-align: center;\"><span style=\"color: #000000;\"><strong><span style=\"vertical-align: inherit;\"><span style=\"vertical-align: inherit;\">TUSCANY HILL SERVICE CORP<\/span><\/span><\/strong><\/span><\/p><p style=\"text-align: center;\"><span style=\"color: #000000;\"><strong><span style=\"vertical-align: inherit;\"><span style=\"vertical-align: inherit;\"><br><\/span><\/span><\/strong><\/span><\/p>\t\t\t\t\t\t<\/div>\n\t\t\t\t<\/div>\n\t\t\t\t\t<\/div>\n\t\t<\/div>\n\t\t\t\t\t\t\t<\/div>\n\t\t<\/section>\n\t\t\t\t\t\t\t<\/div>\n\t\t","protected":false},"excerpt":{"rendered":"<p>Previous Next Tuscany Hill Services \u201cNuestra gesti\u00f3n de negocios se resume en una sola palabra: excelencia\u201d Bienvenido, los invitamos a interactuar con nosotros a trav\u00e9s de nuestra p\u00e1gina, donde podremos ofrecerle nuestros servicios, tanto a empresas como instituciones. Nuestra \u00e1gil<\/p>\n","protected":false},"author":1,"featured_media":0,"parent":0,"menu_order":0,"comment_status":"closed","ping_status":"closed","template":"","meta":[],"_links":{"self":[{"href":"https:\/\/tuscanyhs.com\/index.php\/wp-json\/wp\/v2\/pages\/660"}],"collection":[{"href":"https:\/\/tuscanyhs.com\/index.php\/wp-json\/wp\/v2\/pages"}],"about":[{"href":"https:\/\/tuscanyhs.com\/index.php\/wp-json\/wp\/v2\/types\/page"}],"author":[{"embeddable":true,"href":"https:\/\/tuscanyhs.com\/index.php\/wp-json\/wp\/v2\/users\/1"}],"replies":[{"embeddable":true,"href":"https:\/\/tuscanyhs.com\/index.php\/wp-json\/wp\/v2\/comments?post=660"}],"version-history":[{"count":98,"href":"https:\/\/tuscanyhs.com\/index.php\/wp-json\/wp\/v2\/pages\/660\/revisions"}],"predecessor-version":[{"id":1052,"href":"https:\/\/tuscanyhs.com\/index.php\/wp-json\/wp\/v2\/pages\/660\/revisions\/1052"}],"wp:attachment":[{"href":"https:\/\/tuscanyhs.com\/index.php\/wp-json\/wp\/v2\/media?parent=660"}],"curies":[{"name":"wp","href":"https:\/\/api.w.org\/{rel}","templated":true}]}}